{"id":2,"date":"2018-05-15T20:36:42","date_gmt":"2018-05-15T20:36:42","guid":{"rendered":"http:\/\/www.scandihouse.no\/?page_id=2"},"modified":"2020-10-14T09:27:29","modified_gmt":"2020-10-14T09:27:29","slug":"about","status":"publish","type":"page","link":"https:\/\/scandihouse.lt\/lt\/about\/","title":{"rendered":"Apie mus"},"content":{"rendered":"\n<p>\u201eScandi house\u201c,&nbsp;kaip brandas, prad\u0117jo savo veikl\u0105 1999 metais, Alytuje<\/p>\n\n\n\n<p>Pagrindin\u0117 bendrov\u0117s veikla \u2013 skydini\u0173 karkasini\u0173 nam\u0173 statyba, konsultavimas karkasini\u0173 nam\u0173 projektavimo, gamybos, montavimo ir statymo proceso srityse, technini\u0173&nbsp; &#8211; darbo projekt\u0173 rengimas, technin\u0117s prie\u017ei\u016bros vykdymas bei skai\u010diuojamosios kainos nustatymas.&nbsp;<\/p>\n\n\n\n<p>Bendrov\u0117 Alytaus mieste turi gamybin\u0119 baz\u0119, kurioje sumontuota moderni \u012franga, leid\u017eianti pagaminti konstrukcijas sud\u0117tingiems architekt\u016briniams sprendiniams \u012fgyvendinti bei \u0161ilt\u0173, moderni\u0173, ekologi\u0161k\u0173 pasyvi\u0173 aktyvi\u0173 nam\u0173 statymui.<\/p>\n\n\n\n<p>Produkto kokyb\u0119&nbsp; garantuoja&nbsp; kvalifikuoti, didel\u0119 patirt\u012f statybos sektoriuje turintys specialistai bei ekologi\u0161k\u0173, sertifikuot\u0173 med\u017eiag\u0173 naudojamas.<\/p>\n\n\n\n<p>Bendrov\u0117 nuolat ie\u0161ko nauj\u0173 moderni\u0173&nbsp; sprendim\u0173, &nbsp;\u0161iuolaiki\u0161ko pasyvaus bei aktyvaus&nbsp; namo statybos proceso technologijai u\u017etikrinti.<\/p>\n\n\n\n<p><em>M\u016bs\u0173 bendrov\u0117 si\u016blo klientui skydinio karkasinio namo statyb\u0105 &nbsp;racionaliausia kaina nuo projekto parengimo iki darb\u0173 u\u017ebaigimo.<\/em><\/p>\n","protected":false},"excerpt":{"rendered":"<p>\u201eScandi house\u201c,&nbsp;kaip brandas, prad\u0117jo savo veikl\u0105 1999 metais, Alytuje Pagrindin\u0117 bendrov\u0117s veikla \u2013 skydini\u0173 karkasini\u0173 nam\u0173 statyba, konsultavimas karkasini\u0173 nam\u0173 projektavimo, gamybos, montavimo ir statymo proceso srityse, technini\u0173&nbsp; &#8211; darbo projekt\u0173 rengimas, technin\u0117s prie\u017ei\u016bros vykdymas bei skai\u010diuojamosios kainos nustatymas.&nbsp; Bendrov\u0117 Alytaus mieste turi gamybin\u0119 baz\u0119, kurioje sumontuota moderni \u012franga, leid\u017eianti&hellip;<\/p>\n","protected":false},"author":1,"featured_media":0,"parent":0,"menu_order":0,"comment_status":"closed","ping_status":"closed","template":"","meta":[],"translation":{"provider":"WPGlobus","version":"2.8.6","language":"lt","enabled_languages":["en","no","nl","lt"],"languages":{"en":{"title":true,"content":true,"excerpt":false},"no":{"title":true,"content":true,"excerpt":false},"nl":{"title":true,"content":false,"excerpt":false},"lt":{"title":true,"content":true,"excerpt":false}}},"_links":{"self":[{"href":"https:\/\/scandihouse.lt\/lt\/wp-json\/wp\/v2\/pages\/2"}],"collection":[{"href":"https:\/\/scandihouse.lt\/lt\/wp-json\/wp\/v2\/pages"}],"about":[{"href":"https:\/\/scandihouse.lt\/lt\/wp-json\/wp\/v2\/types\/page"}],"author":[{"embeddable":true,"href":"https:\/\/scandihouse.lt\/lt\/wp-json\/wp\/v2\/users\/1"}],"replies":[{"embeddable":true,"href":"https:\/\/scandihouse.lt\/lt\/wp-json\/wp\/v2\/comments?post=2"}],"version-history":[{"count":7,"href":"https:\/\/scandihouse.lt\/lt\/wp-json\/wp\/v2\/pages\/2\/revisions"}],"predecessor-version":[{"id":388,"href":"https:\/\/scandihouse.lt\/lt\/wp-json\/wp\/v2\/pages\/2\/revisions\/388"}],"wp:attachment":[{"href":"https:\/\/scandihouse.lt\/lt\/wp-json\/wp\/v2\/media?parent=2"}],"curies":[{"name":"wp","href":"https:\/\/api.w.org\/{rel}","templated":true}]}}