{"id":37,"date":"2018-05-16T21:22:14","date_gmt":"2018-05-16T21:22:14","guid":{"rendered":"http:\/\/www.scandihouse.no\/?page_id=37"},"modified":"2021-09-02T06:06:28","modified_gmt":"2021-09-02T06:06:28","slug":"contacts","status":"publish","type":"page","link":"https:\/\/scandihouse.lt\/no\/contacts\/","title":{"rendered":"Contacts"},"content":{"rendered":"\n\n\t<h1>Contact Us<\/h1>\n\t<h1>Company Details<\/h1>\n\t<p>Egidijus +370 698 77711 (English, Russian, Polish)<\/p>\n<p>Arunas +47 48 615792 (Norvegian)<\/p>\n<p>Svajunas +37061414689 (English, Russian)<\/p>\n\t<p>UAB &laquo;Wood Pro&raquo;<\/p>\n\u012emon\u0117s kodas 302644349<br \/>\nPVM mok\u0117tojo kodas LT100007452019<br \/>\nAdresas Margirio g. 25, Butrimonys, LT-64428 Alytaus r.\n<p>Mobilus telefonas +370 698 36777<\/p>\n<p>&nbsp;<\/p>\n<p>&nbsp;<\/p>\n<p>UAB &laquo;Wood Pro&raquo;<\/p>\nBC 302644349<br \/>\nVAT LT100007452019<br \/>\nAdress Margirio g. 25, Butrimonys, LT-64428 Alytaus r.\n<p>Mobile +370 698 36777<\/p>\n<p>&nbsp;<\/p>\n\n","protected":false},"excerpt":{"rendered":"<p>Contact Us Company Details Egidijus +370 698 77711 (English, Russian, Polish) Arunas +47 48 615792 (Norvegian) Svajunas +37061414689 (English, Russian) UAB &laquo;Wood Pro&raquo; \u012emon\u0117s kodas 302644349 PVM mok\u0117tojo kodas LT100007452019 Adresas Margirio g. 25, Butrimonys, LT-64428 Alytaus r. Mobilus telefonas +370 698 36777 &nbsp; &nbsp; UAB &laquo;Wood Pro&raquo; BC 302644349&hellip;<\/p>\n","protected":false},"author":1,"featured_media":0,"parent":0,"menu_order":0,"comment_status":"closed","ping_status":"closed","template":"","meta":[],"translation":{"provider":"WPGlobus","version":"2.8.6","language":"no","enabled_languages":["en","no","nl","lt"],"languages":{"en":{"title":true,"content":true,"excerpt":false},"no":{"title":false,"content":false,"excerpt":false},"nl":{"title":false,"content":false,"excerpt":false},"lt":{"title":false,"content":false,"excerpt":false}}},"_links":{"self":[{"href":"https:\/\/scandihouse.lt\/no\/wp-json\/wp\/v2\/pages\/37"}],"collection":[{"href":"https:\/\/scandihouse.lt\/no\/wp-json\/wp\/v2\/pages"}],"about":[{"href":"https:\/\/scandihouse.lt\/no\/wp-json\/wp\/v2\/types\/page"}],"author":[{"embeddable":true,"href":"https:\/\/scandihouse.lt\/no\/wp-json\/wp\/v2\/users\/1"}],"replies":[{"embeddable":true,"href":"https:\/\/scandihouse.lt\/no\/wp-json\/wp\/v2\/comments?post=37"}],"version-history":[{"count":17,"href":"https:\/\/scandihouse.lt\/no\/wp-json\/wp\/v2\/pages\/37\/revisions"}],"predecessor-version":[{"id":445,"href":"https:\/\/scandihouse.lt\/no\/wp-json\/wp\/v2\/pages\/37\/revisions\/445"}],"wp:attachment":[{"href":"https:\/\/scandihouse.lt\/no\/wp-json\/wp\/v2\/media?parent=37"}],"curies":[{"name":"wp","href":"https:\/\/api.w.org\/{rel}","templated":true}]}}